{"id":240,"date":"2026-03-22T18:02:31","date_gmt":"2026-03-22T18:02:31","guid":{"rendered":"https:\/\/www.orewsadlno.pl\/?page_id=240"},"modified":"2026-03-22T18:06:45","modified_gmt":"2026-03-22T18:06:45","slug":"bank-spoldzielczy-w-wierzbinku","status":"publish","type":"page","link":"https:\/\/www.orewsadlno.pl\/index.php\/wesprzyj-orew-sadlno-razem-mozemy-wiecej\/wspieraja-nas\/bank-spoldzielczy-w-wierzbinku\/","title":{"rendered":"Bank Sp\u00f3\u0142dzielczy w Wierzbinku"},"content":{"rendered":"\n<p>Z ogromn\u0105 wdzi\u0119czno\u015bci\u0105 podkre\u015blamy, \u017ce Bank Sp\u00f3\u0142dzielczy w Wierzbinku co roku wspiera nas finansowo w okresie \u015bwi\u0105tecznym. Dzi\u0119ki temu mo\u017cemy tworzy\u0107 ciep\u0142\u0105, pe\u0142n\u0105 \u017cyczliwo\u015bci atmosfer\u0119 w O\u015brodku Rehabilitacyjno-Edukacyjno-Wychowawczym oraz organizowa\u0107 dzia\u0142ania, kt\u00f3re przynosz\u0105 rado\u015b\u0107 i wsparcie naszym podopiecznym.<\/p>\n\n\n\n<p><\/p>\n","protected":false},"excerpt":{"rendered":"<p>Z ogromn\u0105 wdzi\u0119czno\u015bci\u0105 podkre\u015blamy, \u017ce Bank Sp\u00f3\u0142dzielczy w Wierzbinku co roku wspiera nas finansowo w okresie \u015bwi\u0105tecznym. Dzi\u0119ki temu mo\u017cemy tworzy\u0107 ciep\u0142\u0105, pe\u0142n\u0105 \u017cyczliwo\u015bci atmosfer\u0119 w O\u015brodku Rehabilitacyjno-Edukacyjno-Wychowawczym oraz organizowa\u0107 dzia\u0142ania, kt\u00f3re przynosz\u0105 rado\u015b\u0107 i wsparcie naszym podopiecznym.<\/p>\n","protected":false},"author":1,"featured_media":241,"parent":237,"menu_order":0,"comment_status":"closed","ping_status":"closed","template":"","meta":{"footnotes":""},"class_list":["post-240","page","type-page","status-publish","has-post-thumbnail","hentry"],"aioseo_notices":[],"_links":{"self":[{"href":"https:\/\/www.orewsadlno.pl\/index.php\/wp-json\/wp\/v2\/pages\/240","targetHints":{"allow":["GET"]}}],"collection":[{"href":"https:\/\/www.orewsadlno.pl\/index.php\/wp-json\/wp\/v2\/pages"}],"about":[{"href":"https:\/\/www.orewsadlno.pl\/index.php\/wp-json\/wp\/v2\/types\/page"}],"author":[{"embeddable":true,"href":"https:\/\/www.orewsadlno.pl\/index.php\/wp-json\/wp\/v2\/users\/1"}],"replies":[{"embeddable":true,"href":"https:\/\/www.orewsadlno.pl\/index.php\/wp-json\/wp\/v2\/comments?post=240"}],"version-history":[{"count":1,"href":"https:\/\/www.orewsadlno.pl\/index.php\/wp-json\/wp\/v2\/pages\/240\/revisions"}],"predecessor-version":[{"id":242,"href":"https:\/\/www.orewsadlno.pl\/index.php\/wp-json\/wp\/v2\/pages\/240\/revisions\/242"}],"up":[{"embeddable":true,"href":"https:\/\/www.orewsadlno.pl\/index.php\/wp-json\/wp\/v2\/pages\/237"}],"wp:featuredmedia":[{"embeddable":true,"href":"https:\/\/www.orewsadlno.pl\/index.php\/wp-json\/wp\/v2\/media\/241"}],"wp:attachment":[{"href":"https:\/\/www.orewsadlno.pl\/index.php\/wp-json\/wp\/v2\/media?parent=240"}],"curies":[{"name":"wp","href":"https:\/\/api.w.org\/{rel}","templated":true}]}}