{"id":15,"date":"2026-02-12T20:34:59","date_gmt":"2026-02-12T20:34:59","guid":{"rendered":"http:\/\/www.orewsadlno.pl\/?page_id=15"},"modified":"2026-03-04T19:20:16","modified_gmt":"2026-03-04T19:20:16","slug":"aktualnosci","status":"publish","type":"page","link":"https:\/\/www.orewsadlno.pl\/index.php\/aktualnosci\/","title":{"rendered":"Aktualno\u015bci"},"content":{"rendered":"<style>.kb-posts-id-15_cfd8c6-75 .kb-post-list-item{display:grid;}<\/style><ul class=\"wp-block-kadence-posts kb-posts kadence-posts-list kb-posts-id-15_cfd8c6-75 content-wrap grid-cols kb-posts-style-boxed grid-sm-col-2 grid-lg-col-3 item-image-style-above\"><li class=\"kb-post-list-item\">\n\t<article class=\"entry content-bg loop-entry post-247 post type-post status-publish format-standard has-post-thumbnail hentry category-aktualnosci\">\n\t\t\t\t<a aria-hidden=\"true\" tabindex=\"-1\" role=\"presentation\" class=\"post-thumbnail kadence-thumbnail-ratio-2-3\" href=\"https:\/\/www.orewsadlno.pl\/index.php\/2026\/03\/27\/marzec-w-orew-w-sadlnie-miesiac-integracji-radosci-i-wspolnego-dzialania\/\" aria-label=\"Marzec w OREW w Sadlnie \u2013 miesi\u0105c integracji, rado\u015bci i wsp\u00f3lnego dzia\u0142ania\">\n\t\t\t<div class=\"post-thumbnail-inner\">\n\t\t\t\t<img loading=\"lazy\" decoding=\"async\" width=\"768\" height=\"578\" src=\"https:\/\/www.orewsadlno.pl\/wp-content\/uploads\/2026\/03\/skarpetki-768x578.jpg\" class=\"attachment-medium_large size-medium_large wp-post-image\" alt=\"Stopy uczestnik\u00f3w w kolorowych, nie do pary skarpetkach podczas obchod\u00f3w Dnia Kolorowej Skarpetki w OREW w Sadlnie\" srcset=\"https:\/\/www.orewsadlno.pl\/wp-content\/uploads\/2026\/03\/skarpetki-768x578.jpg 768w, https:\/\/www.orewsadlno.pl\/wp-content\/uploads\/2026\/03\/skarpetki-300x226.jpg 300w, https:\/\/www.orewsadlno.pl\/wp-content\/uploads\/2026\/03\/skarpetki-1024x771.jpg 1024w, https:\/\/www.orewsadlno.pl\/wp-content\/uploads\/2026\/03\/skarpetki.jpg 1440w\" sizes=\"auto, (max-width: 768px) 100vw, 768px\" \/>\t\t\t<\/div>\n\t\t<\/a><!-- .post-thumbnail -->\n\t\t\t\t<div class=\"entry-content-wrap\">\n\t\t\t<header class=\"entry-header\">\n\t\t<div class=\"entry-taxonomies\">\n\t\t<span class=\"category-links term-links category-style-normal\">\n\t\t\t<a href=\"https:\/\/www.orewsadlno.pl\/index.php\/category\/aktualnosci\/\" rel=\"category tag\">Aktualno\u015bci<\/a>\t\t<\/span>\n\t<\/div><!-- .entry-taxonomies -->\n\t<h3 class=\"entry-title\"><a href=\"https:\/\/www.orewsadlno.pl\/index.php\/2026\/03\/27\/marzec-w-orew-w-sadlnie-miesiac-integracji-radosci-i-wspolnego-dzialania\/\" rel=\"bookmark\">Marzec w OREW w Sadlnie \u2013 miesi\u0105c integracji, rado\u015bci i wsp\u00f3lnego dzia\u0142ania<\/a><\/h3>\t<div class=\"entry-meta entry-meta-divider-dot\">\n\t<span class=\"posted-by\"><span class=\"meta-label\">Przez:<\/span><span class=\"author vcard\"><span class=\"fn n\">admin<\/span><\/span><\/span>\t\t\t<span class=\"posted-on\">\n\t\t\t\t<time class=\"entry-date published\" datetime=\"2026-03-27T19:24:02+00:00\">27.03.2026<\/time><time class=\"updated\" datetime=\"2026-04-08T17:24:00+00:00\">08.04.2026<\/time>\t\t\t<\/span>\n\t\t\t\t<\/div><!-- .entry-meta -->\n\t<\/header><!-- .entry-header -->\n\t<div class=\"entry-summary\">\n\t\t<p>Marzec w O\u015brodku Rehabilitacyjno\u2013Edukacyjno\u2013Wychowawczym w Sadlnie up\u0142yn\u0105\u0142 pod znakiem aktywno\u015bci, integracji oraz budowania wra\u017cliwo\u015bci spo\u0142ecznej. By\u0142 to czas pe\u0142en wydarze\u0144, kt\u00f3re \u0142\u0105czy\u0142y edukacj\u0119, terapi\u0119 oraz wsp\u00f3lne prze\u017cywanie wa\u017cnych chwil. Jednym z wa\u017cniejszych dzia\u0142a\u0144 by\u0142 udzia\u0142 w charytatywnym wyzwaniu dla Matyldy Lipi\u0144skiej. Spo\u0142eczno\u015b\u0107 OREW z zaanga\u017cowaniem podj\u0119\u0142a sportowe zadanie, pokazuj\u0105c, jak wielk\u0105 si\u0142\u0119 ma wsp\u00f3\u0142praca i [&hellip;]<\/p>\n\t<\/div><!-- .entry-summary -->\n\t<footer class=\"entry-footer\">\n\t\t\t<div class=\"entry-actions\">\n\t\t\t<p class=\"more-link-wrap\">\n\t\t\t\t<a href=\"https:\/\/www.orewsadlno.pl\/index.php\/2026\/03\/27\/marzec-w-orew-w-sadlnie-miesiac-integracji-radosci-i-wspolnego-dzialania\/\" class=\"post-more-link\">\n\t\t\t\t\tDowiedz si\u0119 wi\u0119cej<span class=\"screen-reader-text\"> Marzec w OREW w Sadlnie \u2013 miesi\u0105c integracji, rado\u015bci i wsp\u00f3lnego dzia\u0142ania<\/span><span class=\"kadence-svg-iconset svg-baseline\"><svg aria-hidden=\"true\" class=\"kadence-svg-icon kadence-arrow-right-alt-svg\" fill=\"currentColor\" version=\"1.1\" xmlns=\"http:\/\/www.w3.org\/2000\/svg\" width=\"27\" height=\"28\" viewBox=\"0 0 27 28\"><title>Kontynuuj<\/title><path d=\"M27 13.953c0 0.141-0.063 0.281-0.156 0.375l-6 5.531c-0.156 0.141-0.359 0.172-0.547 0.094-0.172-0.078-0.297-0.25-0.297-0.453v-3.5h-19.5c-0.281 0-0.5-0.219-0.5-0.5v-3c0-0.281 0.219-0.5 0.5-0.5h19.5v-3.5c0-0.203 0.109-0.375 0.297-0.453s0.391-0.047 0.547 0.078l6 5.469c0.094 0.094 0.156 0.219 0.156 0.359v0z\"><\/path>\n\t\t\t<\/svg><\/span>\t\t\t\t<\/a>\n\t\t\t<\/p>\n\t\t<\/div><!-- .entry-actions -->\n\t\t<\/footer><!-- .entry-footer -->\t\t<\/div>\n\t<\/article>\n<\/li>\n<li class=\"kb-post-list-item\">\n\t<article class=\"entry content-bg loop-entry post-138 post type-post status-publish format-standard has-post-thumbnail hentry category-aktualnosci category-klub-olimpiad-specjalnych\">\n\t\t\t\t<a aria-hidden=\"true\" tabindex=\"-1\" role=\"presentation\" class=\"post-thumbnail kadence-thumbnail-ratio-2-3\" href=\"https:\/\/www.orewsadlno.pl\/index.php\/2026\/03\/04\/xi-regionalny-turniej-bocce-olimpiad-specjalnych\/\" aria-label=\"XI Regionalny Turniej Bocce Olimpiad Specjalnych\">\n\t\t\t<div class=\"post-thumbnail-inner\">\n\t\t\t\t<img loading=\"lazy\" decoding=\"async\" width=\"443\" height=\"261\" src=\"https:\/\/www.orewsadlno.pl\/wp-content\/uploads\/2026\/03\/634753672_1402190971703664_8808503932691133090_n-e1772621291821.jpg\" class=\"attachment-medium_large size-medium_large wp-post-image\" alt=\"Na zdj\u0119ciu je\u017cyk\" srcset=\"https:\/\/www.orewsadlno.pl\/wp-content\/uploads\/2026\/03\/634753672_1402190971703664_8808503932691133090_n-e1772621291821.jpg 443w, https:\/\/www.orewsadlno.pl\/wp-content\/uploads\/2026\/03\/634753672_1402190971703664_8808503932691133090_n-e1772621291821-300x177.jpg 300w\" sizes=\"auto, (max-width: 443px) 100vw, 443px\" \/>\t\t\t<\/div>\n\t\t<\/a><!-- .post-thumbnail -->\n\t\t\t\t<div class=\"entry-content-wrap\">\n\t\t\t<header class=\"entry-header\">\n\t\t<div class=\"entry-taxonomies\">\n\t\t<span class=\"category-links term-links category-style-normal\">\n\t\t\t<a href=\"https:\/\/www.orewsadlno.pl\/index.php\/category\/aktualnosci\/\" rel=\"category tag\">Aktualno\u015bci<\/a> | <a href=\"https:\/\/www.orewsadlno.pl\/index.php\/category\/klub-olimpiad-specjalnych\/\" rel=\"category tag\">Klub Olimpiad Specjalnych<\/a>\t\t<\/span>\n\t<\/div><!-- .entry-taxonomies -->\n\t<h3 class=\"entry-title\"><a href=\"https:\/\/www.orewsadlno.pl\/index.php\/2026\/03\/04\/xi-regionalny-turniej-bocce-olimpiad-specjalnych\/\" rel=\"bookmark\">XI Regionalny Turniej Bocce Olimpiad Specjalnych<\/a><\/h3>\t<div class=\"entry-meta entry-meta-divider-dot\">\n\t<span class=\"posted-by\"><span class=\"meta-label\">Przez:<\/span><span class=\"author vcard\"><span class=\"fn n\">And\u017celika Wo\u017aniak<\/span><\/span><\/span>\t\t\t<span class=\"posted-on\">\n\t\t\t\t<time class=\"entry-date published\" datetime=\"2026-03-04T10:33:43+00:00\">04.03.2026<\/time><time class=\"updated\" datetime=\"2026-03-04T10:45:53+00:00\">04.03.2026<\/time>\t\t\t<\/span>\n\t\t\t\t<\/div><!-- .entry-meta -->\n\t<\/header><!-- .entry-header -->\n\t<div class=\"entry-summary\">\n\t\t<p>XI Regionalny Turniej Bocce Olimpiad Specjalnych by\u0142 wyj\u0105tkowym \u015bwi\u0119tem sportu, integracji i rado\u015bci ze wsp\u00f3lnej rywalizacji. Na Hali Widowiskowo-Sportowej w Rychwale spotkali si\u0119 zawodnicy z 15 klub\u00f3w Oddzia\u0142u Regionalnego Olimpiady Specjalne Polska Wielkopolskie-Konin. Zjednoczeni Sadlno reprezentowali Kamil Paszkiet i Kacper Le\u015bniewski kt\u00f3rzy zaj\u0119li trzecie miejsce w rozrywkach deblowych. Ogromne gratulacje oraz podzi\u0119kowania dla Pani Dyrektor [&hellip;]<\/p>\n\t<\/div><!-- .entry-summary -->\n\t<footer class=\"entry-footer\">\n\t\t\t<div class=\"entry-actions\">\n\t\t\t<p class=\"more-link-wrap\">\n\t\t\t\t<a href=\"https:\/\/www.orewsadlno.pl\/index.php\/2026\/03\/04\/xi-regionalny-turniej-bocce-olimpiad-specjalnych\/\" class=\"post-more-link\">\n\t\t\t\t\tDowiedz si\u0119 wi\u0119cej<span class=\"screen-reader-text\"> XI Regionalny Turniej Bocce Olimpiad Specjalnych<\/span><span class=\"kadence-svg-iconset svg-baseline\"><svg aria-hidden=\"true\" class=\"kadence-svg-icon kadence-arrow-right-alt-svg\" fill=\"currentColor\" version=\"1.1\" xmlns=\"http:\/\/www.w3.org\/2000\/svg\" width=\"27\" height=\"28\" viewBox=\"0 0 27 28\"><title>Kontynuuj<\/title><path d=\"M27 13.953c0 0.141-0.063 0.281-0.156 0.375l-6 5.531c-0.156 0.141-0.359 0.172-0.547 0.094-0.172-0.078-0.297-0.25-0.297-0.453v-3.5h-19.5c-0.281 0-0.5-0.219-0.5-0.5v-3c0-0.281 0.219-0.5 0.5-0.5h19.5v-3.5c0-0.203 0.109-0.375 0.297-0.453s0.391-0.047 0.547 0.078l6 5.469c0.094 0.094 0.156 0.219 0.156 0.359v0z\"><\/path>\n\t\t\t<\/svg><\/span>\t\t\t\t<\/a>\n\t\t\t<\/p>\n\t\t<\/div><!-- .entry-actions -->\n\t\t<\/footer><!-- .entry-footer -->\t\t<\/div>\n\t<\/article>\n<\/li>\n<li class=\"kb-post-list-item\">\n\t<article class=\"entry content-bg loop-entry post-1 post type-post status-publish format-standard has-post-thumbnail hentry category-aktualnosci\">\n\t\t\t\t<a aria-hidden=\"true\" tabindex=\"-1\" role=\"presentation\" class=\"post-thumbnail kadence-thumbnail-ratio-2-3\" href=\"https:\/\/www.orewsadlno.pl\/index.php\/2026\/02\/12\/hello-world\/\" aria-label=\"Tekst powitalny na stronie g\u0142\u00f3wnej\">\n\t\t\t<div class=\"post-thumbnail-inner\">\n\t\t\t\t<img loading=\"lazy\" decoding=\"async\" width=\"768\" height=\"461\" src=\"https:\/\/www.orewsadlno.pl\/wp-content\/uploads\/2026\/02\/obrazektytulowy-768x461.jpg\" class=\"attachment-medium_large size-medium_large wp-post-image\" alt=\"Na obrazku dzieci z naszego OREW\" srcset=\"https:\/\/www.orewsadlno.pl\/wp-content\/uploads\/2026\/02\/obrazektytulowy-768x461.jpg 768w, https:\/\/www.orewsadlno.pl\/wp-content\/uploads\/2026\/02\/obrazektytulowy-300x180.jpg 300w, https:\/\/www.orewsadlno.pl\/wp-content\/uploads\/2026\/02\/obrazektytulowy.jpg 960w\" sizes=\"auto, (max-width: 768px) 100vw, 768px\" \/>\t\t\t<\/div>\n\t\t<\/a><!-- .post-thumbnail -->\n\t\t\t\t<div class=\"entry-content-wrap\">\n\t\t\t<header class=\"entry-header\">\n\t\t<div class=\"entry-taxonomies\">\n\t\t<span class=\"category-links term-links category-style-normal\">\n\t\t\t<a href=\"https:\/\/www.orewsadlno.pl\/index.php\/category\/aktualnosci\/\" rel=\"category tag\">Aktualno\u015bci<\/a>\t\t<\/span>\n\t<\/div><!-- .entry-taxonomies -->\n\t<h3 class=\"entry-title\"><a href=\"https:\/\/www.orewsadlno.pl\/index.php\/2026\/02\/12\/hello-world\/\" rel=\"bookmark\">Tekst powitalny na stronie g\u0142\u00f3wnej<\/a><\/h3>\t<div class=\"entry-meta entry-meta-divider-dot\">\n\t<span class=\"posted-by\"><span class=\"meta-label\">Przez:<\/span><span class=\"author vcard\"><span class=\"fn n\">admin<\/span><\/span><\/span>\t\t\t<span class=\"posted-on\">\n\t\t\t\t<time class=\"entry-date published\" datetime=\"2026-02-12T21:02:32+00:00\">12.02.2026<\/time><time class=\"updated\" datetime=\"2026-02-28T12:09:18+00:00\">28.02.2026<\/time>\t\t\t<\/span>\n\t\t\t\t<\/div><!-- .entry-meta -->\n\t<\/header><!-- .entry-header -->\n\t<div class=\"entry-summary\">\n\t\t<p>Za po\u015brednictwem naszej strony mo\u017cecie Pa\u0144stwo zapozna\u0107 si\u0119 z ofert\u0105 O\u015brodka Rehabilitacyjno &#8211; Edukacyjno &#8211; Wychowawczego w Sadlnie, w kt\u00f3rym obowi\u0105zek szkolny mog\u0105 realizowa\u0107 dzieci i m\u0142odzie\u017c z niepe\u0142nosprawno\u015bci\u0105 intelektualn\u0105 w stopniu umiarkowanym i znacznym ze sprz\u0119\u017ceniem oraz z niepe\u0142nosprawno\u015bci\u0105 intelektualn\u0105 w stopniu g\u0142\u0119bokim w wieku od 3 do 25 lat (dla m\u0142odszych prowadzimy zaj\u0119cia [&hellip;]<\/p>\n\t<\/div><!-- .entry-summary -->\n\t<footer class=\"entry-footer\">\n\t\t\t<div class=\"entry-actions\">\n\t\t\t<p class=\"more-link-wrap\">\n\t\t\t\t<a href=\"https:\/\/www.orewsadlno.pl\/index.php\/2026\/02\/12\/hello-world\/\" class=\"post-more-link\">\n\t\t\t\t\tDowiedz si\u0119 wi\u0119cej<span class=\"screen-reader-text\"> Tekst powitalny na stronie g\u0142\u00f3wnej<\/span><span class=\"kadence-svg-iconset svg-baseline\"><svg aria-hidden=\"true\" class=\"kadence-svg-icon kadence-arrow-right-alt-svg\" fill=\"currentColor\" version=\"1.1\" xmlns=\"http:\/\/www.w3.org\/2000\/svg\" width=\"27\" height=\"28\" viewBox=\"0 0 27 28\"><title>Kontynuuj<\/title><path d=\"M27 13.953c0 0.141-0.063 0.281-0.156 0.375l-6 5.531c-0.156 0.141-0.359 0.172-0.547 0.094-0.172-0.078-0.297-0.25-0.297-0.453v-3.5h-19.5c-0.281 0-0.5-0.219-0.5-0.5v-3c0-0.281 0.219-0.5 0.5-0.5h19.5v-3.5c0-0.203 0.109-0.375 0.297-0.453s0.391-0.047 0.547 0.078l6 5.469c0.094 0.094 0.156 0.219 0.156 0.359v0z\"><\/path>\n\t\t\t<\/svg><\/span>\t\t\t\t<\/a>\n\t\t\t<\/p>\n\t\t<\/div><!-- .entry-actions -->\n\t\t<\/footer><!-- .entry-footer -->\t\t<\/div>\n\t<\/article>\n<\/li>\n<\/ul>","protected":false},"excerpt":{"rendered":"","protected":false},"author":1,"featured_media":0,"parent":0,"menu_order":0,"comment_status":"closed","ping_status":"closed","template":"","meta":{"footnotes":""},"class_list":["post-15","page","type-page","status-publish","hentry"],"aioseo_notices":[],"_links":{"self":[{"href":"https:\/\/www.orewsadlno.pl\/index.php\/wp-json\/wp\/v2\/pages\/15","targetHints":{"allow":["GET"]}}],"collection":[{"href":"https:\/\/www.orewsadlno.pl\/index.php\/wp-json\/wp\/v2\/pages"}],"about":[{"href":"https:\/\/www.orewsadlno.pl\/index.php\/wp-json\/wp\/v2\/types\/page"}],"author":[{"embeddable":true,"href":"https:\/\/www.orewsadlno.pl\/index.php\/wp-json\/wp\/v2\/users\/1"}],"replies":[{"embeddable":true,"href":"https:\/\/www.orewsadlno.pl\/index.php\/wp-json\/wp\/v2\/comments?post=15"}],"version-history":[{"count":7,"href":"https:\/\/www.orewsadlno.pl\/index.php\/wp-json\/wp\/v2\/pages\/15\/revisions"}],"predecessor-version":[{"id":175,"href":"https:\/\/www.orewsadlno.pl\/index.php\/wp-json\/wp\/v2\/pages\/15\/revisions\/175"}],"wp:attachment":[{"href":"https:\/\/www.orewsadlno.pl\/index.php\/wp-json\/wp\/v2\/media?parent=15"}],"curies":[{"name":"wp","href":"https:\/\/api.w.org\/{rel}","templated":true}]}}