{"id":119,"date":"2026-03-01T20:09:22","date_gmt":"2026-03-01T20:09:22","guid":{"rendered":"http:\/\/www.orewsadlno.pl\/?page_id=119"},"modified":"2026-03-08T14:29:00","modified_gmt":"2026-03-08T14:29:00","slug":"materialy-orew","status":"publish","type":"page","link":"https:\/\/www.orewsadlno.pl\/index.php\/dla-rodzicow\/materialy-orew\/","title":{"rendered":"Materia\u0142y"},"content":{"rendered":"<div class=\"orew-materials-grid\" style=\"display: grid; grid-template-columns: repeat(auto-fill, minmax(300px, 1fr)); gap: 30px; margin-top: 30px;\">            <article class=\"orew-material-card\" style=\"border: 1px solid #e5e7eb; border-radius: 8px; overflow: hidden; background: #fff; display: flex; flex-direction: column; transition: transform 0.3s, box-shadow 0.3s;\">\n                <div style=\"height: 180px; overflow: hidden; background-color: #f3f4f6;\">\n                    <a href=\"https:\/\/www.orewsadlno.pl\/index.php\/materialy\/karta-pracy-wiosenna-gimnastyka-buzi-i-jezyka\/\"><img decoding=\"async\" src=\"https:\/\/www.orewsadlno.pl\/wp-content\/uploads\/2026\/03\/motylek-768x1152.png\" style=\"width: 100%; height: 100%; object-fit: cover;\"><\/a>\n                <\/div>\n                <div style=\"padding: 25px; display: flex; flex-direction: column; flex-grow: 1;\">\n                    <h3 style=\"margin: 0 0 15px 0; font-size: 1.25rem;\"><a href=\"https:\/\/www.orewsadlno.pl\/index.php\/materialy\/karta-pracy-wiosenna-gimnastyka-buzi-i-jezyka\/\" style=\"color: #1f2937; text-decoration: none;\">Karta Pracy: Wiosenna gimnastyka buzi i j\u0119zyka<\/a><\/h3>\n                    <div style=\"font-size: 0.95rem; color: #4b5563; margin-bottom: 25px; flex-grow: 1;\">Karta pracy<\/div>\n                    <a href=\"https:\/\/www.orewsadlno.pl\/index.php\/materialy\/karta-pracy-wiosenna-gimnastyka-buzi-i-jezyka\/\" style=\"display: block; background-color: #1d4ed8; color: #fff; padding: 12px; border-radius: 5px; text-align: center; text-decoration: none; font-weight: bold;\">Zobacz i pobierz &rarr;<\/a>\n                <\/div>\n            <\/article>\n                        <article class=\"orew-material-card\" style=\"border: 1px solid #e5e7eb; border-radius: 8px; overflow: hidden; background: #fff; display: flex; flex-direction: column; transition: transform 0.3s, box-shadow 0.3s;\">\n                <div style=\"height: 180px; overflow: hidden; background-color: #f3f4f6;\">\n                    <a href=\"https:\/\/www.orewsadlno.pl\/index.php\/materialy\/eeg-biofeedback\/\"><img decoding=\"async\" src=\"https:\/\/www.orewsadlno.pl\/wp-content\/uploads\/2026\/02\/Biofeedback-768x1152.png\" style=\"width: 100%; height: 100%; object-fit: cover;\"><\/a>\n                <\/div>\n                <div style=\"padding: 25px; display: flex; flex-direction: column; flex-grow: 1;\">\n                    <h3 style=\"margin: 0 0 15px 0; font-size: 1.25rem;\"><a href=\"https:\/\/www.orewsadlno.pl\/index.php\/materialy\/eeg-biofeedback\/\" style=\"color: #1f2937; text-decoration: none;\">EEG Biofeedback<\/a><\/h3>\n                    <div style=\"font-size: 0.95rem; color: #4b5563; margin-bottom: 25px; flex-grow: 1;\">EEG Biofeedback jest to nieinwazyjna i bezbolesna technika treningu m\u00f3zgu. Biofeedback czyli biologiczne sprz\u0119\u017cenie zwrotne polega na dostarczeniu cz\u0142owiekowi informacji&hellip;<\/div>\n                    <a href=\"https:\/\/www.orewsadlno.pl\/index.php\/materialy\/eeg-biofeedback\/\" style=\"display: block; background-color: #1d4ed8; color: #fff; padding: 12px; border-radius: 5px; text-align: center; text-decoration: none; font-weight: bold;\">Zobacz i pobierz &rarr;<\/a>\n                <\/div>\n            <\/article>\n            <\/div><style>\n        .orew-material-card:hover { transform: translateY(-5px); box-shadow: 0 10px 20px rgba(0,0,0,0.1); border-color: #1d4ed8 !important; }\n        body.high-contrast .orew-material-card { background-color: #000 !important; border: 2px solid #ff0 !important; }\n        body.high-contrast .orew-material-card a { color: #ff0 !important; }\n    <\/style>\n","protected":false},"excerpt":{"rendered":"","protected":false},"author":1,"featured_media":0,"parent":192,"menu_order":0,"comment_status":"closed","ping_status":"closed","template":"","meta":{"footnotes":""},"class_list":["post-119","page","type-page","status-publish","hentry"],"aioseo_notices":[],"_links":{"self":[{"href":"https:\/\/www.orewsadlno.pl\/index.php\/wp-json\/wp\/v2\/pages\/119","targetHints":{"allow":["GET"]}}],"collection":[{"href":"https:\/\/www.orewsadlno.pl\/index.php\/wp-json\/wp\/v2\/pages"}],"about":[{"href":"https:\/\/www.orewsadlno.pl\/index.php\/wp-json\/wp\/v2\/types\/page"}],"author":[{"embeddable":true,"href":"https:\/\/www.orewsadlno.pl\/index.php\/wp-json\/wp\/v2\/users\/1"}],"replies":[{"embeddable":true,"href":"https:\/\/www.orewsadlno.pl\/index.php\/wp-json\/wp\/v2\/comments?post=119"}],"version-history":[{"count":2,"href":"https:\/\/www.orewsadlno.pl\/index.php\/wp-json\/wp\/v2\/pages\/119\/revisions"}],"predecessor-version":[{"id":121,"href":"https:\/\/www.orewsadlno.pl\/index.php\/wp-json\/wp\/v2\/pages\/119\/revisions\/121"}],"up":[{"embeddable":true,"href":"https:\/\/www.orewsadlno.pl\/index.php\/wp-json\/wp\/v2\/pages\/192"}],"wp:attachment":[{"href":"https:\/\/www.orewsadlno.pl\/index.php\/wp-json\/wp\/v2\/media?parent=119"}],"curies":[{"name":"wp","href":"https:\/\/api.w.org\/{rel}","templated":true}]}}